{"id":22,"date":"2022-10-12T07:48:55","date_gmt":"2022-10-12T07:48:55","guid":{"rendered":"https:\/\/www.myluxdream.com\/?page_id=22"},"modified":"2023-02-26T09:39:00","modified_gmt":"2023-02-26T09:39:00","slug":"refund_returns-2","status":"publish","type":"page","link":"https:\/\/www.myluxdream.com\/de\/refund_returns-2\/","title":{"rendered":"R\u00fcckgabe und R\u00fcckerstattungsbedingungen"},"content":{"rendered":"<div data-elementor-type=\"wp-page\" data-elementor-id=\"22\" class=\"elementor elementor-22\" data-elementor-post-type=\"page\">\n\t\t\t\t\t\t<section class=\"elementor-section elementor-top-section elementor-element elementor-element-aa55e4d elementor-section-full_width elementor-section-height-min-height elementor-section-content-middle elementor-section-height-default elementor-section-items-middle\" data-id=\"aa55e4d\" data-element_type=\"section\" data-settings=\"{&quot;background_background&quot;:&quot;classic&quot;}\">\n\t\t\t\t\t\t\t<div class=\"elementor-background-overlay\"><\/div>\n\t\t\t\t\t\t\t<div class=\"elementor-container elementor-column-gap-no\">\n\t\t\t\t\t<div class=\"elementor-column elementor-col-100 elementor-top-column elementor-element elementor-element-ce8e753\" data-id=\"ce8e753\" data-element_type=\"column\">\n\t\t\t<div class=\"elementor-widget-wrap elementor-element-populated\">\n\t\t\t\t\t\t\t<\/div>\n\t\t<\/div>\n\t\t\t\t\t<\/div>\n\t\t<\/section>\n\t\t\t\t<section class=\"elementor-section elementor-top-section elementor-element elementor-element-3dfe0e3 elementor-section-boxed elementor-section-height-default elementor-section-height-default\" data-id=\"3dfe0e3\" data-element_type=\"section\">\n\t\t\t\t\t\t<div class=\"elementor-container elementor-column-gap-default\">\n\t\t\t\t\t<div class=\"elementor-column elementor-col-100 elementor-top-column elementor-element elementor-element-5adb2ea\" data-id=\"5adb2ea\" data-element_type=\"column\">\n\t\t\t<div class=\"elementor-widget-wrap elementor-element-populated\">\n\t\t\t\t\t\t<div class=\"elementor-element elementor-element-9cc533f elementor-widget-divider--view-line elementor-widget elementor-widget-divider\" data-id=\"9cc533f\" data-element_type=\"widget\" data-widget_type=\"divider.default\">\n\t\t\t\t<div class=\"elementor-widget-container\">\n\t\t\t\t\t\t\t<div class=\"elementor-divider\">\n\t\t\t<span class=\"elementor-divider-separator\">\n\t\t\t\t\t\t<\/span>\n\t\t<\/div>\n\t\t\t\t\t\t<\/div>\n\t\t\t\t<\/div>\n\t\t\t\t<div class=\"elementor-element elementor-element-330b73e elementor-widget elementor-widget-text-editor\" data-id=\"330b73e\" data-element_type=\"widget\" data-widget_type=\"text-editor.default\">\n\t\t\t\t<div class=\"elementor-widget-container\">\n\t\t\t\t\t\t\t\t\t<p><strong>R\u00fcckgabe und R\u00fcckerstattungsbedingungen<br \/><\/strong><br \/><strong>Letzte \u00c4nderung dieser Seite am 01.11.2022<br \/><\/strong><br \/><strong>Definitionen und Schl\u00fcsselbegriffe<br \/><\/strong>Um die Dinge in dieser R\u00fcckgabe- und R\u00fcckerstattungsrichtlinie so klar wie m\u00f6glich zu erkl\u00e4ren, werden jedes Mal, wenn auf einen dieser Begriffe Bezug genommen wird, streng definiert als:<br \/>&#8211;\u00a0 <strong>Unternehmen<\/strong>: Wenn in dieser Richtlinie von \"Unternehmen\", \"wir\", \"uns\" oder \"unser\" die Rede ist, bezieht sie sich auf Myluxdream.com GbR, Erdingerstr. 19 84424 Isen, die f\u00fcr Ihre Daten im Rahmen dieser R\u00fcckgabe- und R\u00fcckerstattungsrichtlinie verantwortlich ist.<br \/><strong>\u2013 Kunde<\/strong>: bezieht sich auf das Unternehmen, die Organisation oder die Person, die sich f\u00fcr die Nutzung des Dienstes anmeldet, um die Beziehungen zu Ihren Verbrauchern oder Dienstbenutzern zu verwalten.<br \/><strong>- Ger\u00e4t<\/strong>: jedes mit dem Internet verbundene Ger\u00e4t wie ein Telefon, Tablet, Computer oder ein anderes Ger\u00e4t, das zum Besuchen und Nutzen der Dienste verwendet werden kann.<br \/><strong>- Service<\/strong>: bezieht sich auf den von Myluxdream.com bereitgestellten Service, wie in den entsprechenden Bedingungen (falls verf\u00fcgbar) und auf dieser Plattform beschrieben.<br \/><strong>- Website<\/strong>: Website von myluxdream.com, die \u00fcber diese URL aufgerufen werden kann: myluxdream.com.<br \/><strong>- Sie<\/strong> : eine nat\u00fcrliche oder juristische Person, die bei Myluxdream.com registriert ist, um die Dienste zu nutzen.<\/p><p><strong>R\u00fcckgabe und R\u00fcckerstattungsbedingungen<\/strong><br \/>Vielen Dank f\u00fcr Ihren Einkauf bei Myluxdream.com. Wir freuen uns, dass Sie gerne unsere Produkte kaufen. Wir m\u00f6chten auch sicherstellen, dass Sie eine lohnende Erfahrung haben, w\u00e4hrend Sie unsere Produkte erkunden, bewerten und kaufen.\nWie bei jedem Einkaufserlebnis gibt es Gesch\u00e4ftsbedingungen, die f\u00fcr Transaktionen bei myluxdream.com gelten. Die Hauptsache, an die Sie sich erinnern sollten, ist, dass Sie durch die Aufgabe einer Bestellung oder einen Kauf bei myluxdream.com den unten aufgef\u00fchrten Bedingungen sowie der Datenschutzrichtlinie von myluxdream.com zustimmen.\nWenn mit dem von Ihnen gekauften Produkt etwas nicht stimmt oder wenn Sie damit nicht zufrieden sind, m\u00fcssen Sie eine R\u00fcckerstattung vornehmen und Ihren Artikel zur\u00fccksenden.\nWenn Sie ein Produkt zur\u00fcckgeben m\u00f6chten, ist der einzige Weg, wenn Sie die folgenden Richtlinien befolgen:<br \/>- Das Produkt muss das Originaletikett haben.<br \/>- Bitte achten Sie darauf, Artikel anzuprobieren, da alle Produkte neu, unbenutzt mit allen angebrachten Kleidungsst\u00fcckanh\u00e4ngern zur\u00fcckgegeben werden m\u00fcssen.<br \/>- Um die volle R\u00fcckerstattung f\u00fcr Ihren Artikel zu erhalten, muss der Artikel im gleichen Zustand und in der gleichen Menge zur\u00fcckgegeben werden, wie er erhalten wurde.<br \/>- Es liegt in der Verantwortung des Kunden, den Artikel ordnungsgem\u00e4\u00df zur\u00fcckzusenden. Dies bedeutet, dass die Verpackung des Produkts w\u00e4hrend des Transports gesch\u00fctzt werden muss.<br \/>- Es ist sehr wichtig, dass Sie einen Zustellnachweis erhalten, wenn Sie dies nicht tun, k\u00f6nnen wir Ihnen nicht helfen, wenn das Paket verloren geht.<br \/>- Sie haben 14 Tage ab dem Datum, an dem Sie Ihre Bestellung erhalten haben, um sie zur\u00fcckzusenden, wobei R\u00fcckerstattungen innerhalb von 10-14 Werktagen bearbeitet werden. R\u00fccksendungen au\u00dferhalb dieses Zeitraums werden nicht akzeptiert.<\/p><p><strong>Zur\u00fcckzahlungen<\/strong><br \/>Wir bei myluxdream.com verpflichten uns, unsere Kunden mit den besten Produkten zu bedienen. Jedes einzelne Produkt, das Sie w\u00e4hlen, wird gr\u00fcndlich gepr\u00fcft, auf M\u00e4ngel \u00fcberpr\u00fcft und mit gr\u00f6\u00dfter Sorgfalt verpackt. Wir tun dies, um sicherzustellen, dass Sie sich in unsere Produkte verlieben.\nLeider gibt es Zeiten, in denen wir das\/die von Ihnen gew\u00e4hlte(n) Produkt(e) nicht auf Lager haben oder Probleme mit unserer Bestands- und Qualit\u00e4tspr\u00fcfung haben. In solchen F\u00e4llen m\u00fcssen wir Ihre Bestellung m\u00f6glicherweise stornieren. Sie werden im Voraus dar\u00fcber informiert, damit Sie sich nicht unn\u00f6tig um Ihre Bestellung k\u00fcmmern m\u00fcssen. Ihre R\u00fcckerstattung wird der urspr\u00fcnglichen Zahlungsmethode gutgeschrieben.\nVor der Bearbeitung des bestellten Artikels f\u00fchren wir eine gr\u00fcndliche Qualit\u00e4tspr\u00fcfung durch. Wir verpacken das Produkt mit gr\u00f6\u00dfter Sorgfalt. Gleichzeitig stellen wir sicher, dass die Verpackung gut ist, so dass die Artikel w\u00e4hrend des Transports nicht besch\u00e4digt werden. Bitte beachten Sie, dass myluxdream.com nicht f\u00fcr Sch\u00e4den haftet, die w\u00e4hrend des Transports oder Transports an den Gegenst\u00e4nden entstehen.\nWir werden Ihr zur\u00fcckgegebenes Produkt \u00fcberarbeiten, sobald wir es erhalten haben, und wenn es den oben genannten Richtlinien entspricht, werden wir eine R\u00fcckerstattung Ihres Kaufs vornehmen. Die Bearbeitung Ihrer R\u00fcckerstattung kann einige Tage dauern, aber Sie werden benachrichtigt, wenn Sie Ihr Geld erhalten.<\/p><p><strong>Versand<\/strong><br \/>Myluxdream.com ist nicht verantwortlich f\u00fcr die R\u00fccksendekosten. Jeder Versand muss vom Kunden bezahlt werden, auch wenn der Artikel \u00fcberhaupt versandkostenfrei war, muss der Kunde den Versand im Gegenzug bezahlen.<br \/>Wir haben uns bem\u00fcht, die Farben unserer Produkte, die auf myluxdream.com erscheinen, so genau wie m\u00f6glich darzustellen. Leider k\u00f6nnen Computermonitore, Tablets und mobile Ger\u00e4te manchmal einen Unterschied machen, und wir k\u00f6nnen nicht garantieren, dass die Anzeige einer Farbe auf Ihrem Bildschirm vollst\u00e4ndig korrekt ist.<\/p><p><strong>Produktverf\u00fcgbarkeit und Einschr\u00e4nkungen<\/strong><br \/>Angesichts der Beliebtheit und\/oder Lieferbeschr\u00e4nkungen einiger unserer Produkte m\u00fcssen <strong>Myluxdream.com<\/strong> m\u00f6glicherweise die Anzahl der zum Kauf verf\u00fcgbaren Produkte begrenzen.  Vertrauen Sie uns, wir bauen sie so schnell wir k\u00f6nnen. Myluxdream.com beh\u00e4lt sich das Recht vor, die zum Kauf verf\u00fcgbaren Mengen jederzeit zu \u00e4ndern, auch nachdem Sie eine Bestellung aufgegeben haben. Dar\u00fcber hinaus kann es vorkommen, dass Myluxdream.com Ihre Bestellung best\u00e4tigt, aber sp\u00e4ter erf\u00e4hrt, dass sie das bestellte Produkt nicht liefern kann. Falls wir ein von Ihnen bestelltes Produkt nicht liefern k\u00f6nnen, stornieren Myluxdream.com die Bestellung und erstatten Ihnen den Kaufpreis in voller H\u00f6he.<\/p><p><strong>Ihre Zustimmung<\/strong><br \/>Durch die Nutzung unserer Plattform, die Registrierung eines Kontos oder den Kauf stimmen Sie hiermit unserer R\u00fcckgabe- und R\u00fcckerstattungsrichtlinie zu und stimmen deren Bedingungen zu.<\/p><p><strong>\u00c4nderungen unserer R\u00fcckgabe- und R\u00fcckerstattungsrichtlinie<\/strong><br \/>Sollten wir dieses Dokument aktualisieren, erg\u00e4nzen oder \u00c4nderungen daran vornehmen, damit sie unseren Service und unsere Richtlinien genau widerspiegeln. Sofern gesetzlich nicht anders vorgeschrieben, werden diese \u00c4nderungen hier an prominenter Stelle ver\u00f6ffentlicht. Wenn Sie den Service weiterhin nutzen, sind Sie an die aktualisierte R\u00fcckgabe- und R\u00fcckerstattungsrichtlinie gebunden. Wenn Sie dieser oder einer aktualisierten R\u00fcckgabe- und R\u00fcckerstattungsrichtlinie nicht zustimmen m\u00f6chten, k\u00f6nnen Sie Ihr Konto l\u00f6schen.<\/p><p><strong>Kontaktieren Sie uns<\/strong><br \/>Wenn Sie aus irgendeinem Grund mit einer Ware oder Dienstleistung, die wir anbieten, nicht vollst\u00e4ndig zufrieden sind, z\u00f6gern Sie nicht, uns zu kontaktieren und wir werden alle Probleme besprechen, die Sie mit unserem Produkt durchmachen.<br \/>Per E-Mail: <strong>customercare@myluxdream.com<\/strong><\/p>\t\t\t\t\t\t\t\t<\/div>\n\t\t\t\t<\/div>\n\t\t\t\t\t<\/div>\n\t\t<\/div>\n\t\t\t\t\t<\/div>\n\t\t<\/section>\n\t\t\t\t<section class=\"elementor-section elementor-top-section elementor-element elementor-element-68f4c99 elementor-section-content-middle elementor-section-full_width elementor-section-height-default elementor-section-height-default\" data-id=\"68f4c99\" data-element_type=\"section\" data-settings=\"{&quot;background_background&quot;:&quot;classic&quot;}\">\n\t\t\t\t\t\t<div class=\"elementor-container elementor-column-gap-no\">\n\t\t\t\t\t<div class=\"elementor-column elementor-col-25 elementor-top-column elementor-element elementor-element-b13c065\" data-id=\"b13c065\" data-element_type=\"column\">\n\t\t\t<div class=\"elementor-widget-wrap elementor-element-populated\">\n\t\t\t\t\t\t<div class=\"elementor-element elementor-element-b1e5fe3 elementor-view-default elementor-position-top elementor-mobile-position-top elementor-widget elementor-widget-icon-box\" data-id=\"b1e5fe3\" data-element_type=\"widget\" data-widget_type=\"icon-box.default\">\n\t\t\t\t<div class=\"elementor-widget-container\">\n\t\t\t\t\t\t\t<div class=\"elementor-icon-box-wrapper\">\n\n\t\t\t\t\t\t<div class=\"elementor-icon-box-icon\">\n\t\t\t\t<span  class=\"elementor-icon\">\n\t\t\t\t<i aria-hidden=\"true\" class=\"fas fa-star\"><\/i>\t\t\t\t<\/span>\n\t\t\t<\/div>\n\t\t\t\n\t\t\t\t\t\t<div class=\"elementor-icon-box-content\">\n\n\t\t\t\t\t\t\t\t\t<h3 class=\"elementor-icon-box-title\">\n\t\t\t\t\t\t<span  >\n\t\t\t\t\t\t\tLieferung p\u00fcnktlich\t\t\t\t\t\t<\/span>\n\t\t\t\t\t<\/h3>\n\t\t\t\t\n\t\t\t\t\n\t\t\t<\/div>\n\t\t\t\n\t\t<\/div>\n\t\t\t\t\t\t<\/div>\n\t\t\t\t<\/div>\n\t\t\t\t\t<\/div>\n\t\t<\/div>\n\t\t\t\t<div class=\"elementor-column elementor-col-25 elementor-top-column elementor-element elementor-element-2cd2c31\" data-id=\"2cd2c31\" data-element_type=\"column\">\n\t\t\t<div class=\"elementor-widget-wrap elementor-element-populated\">\n\t\t\t\t\t\t<div class=\"elementor-element elementor-element-a62592e elementor-view-default elementor-position-top elementor-mobile-position-top elementor-widget elementor-widget-icon-box\" data-id=\"a62592e\" data-element_type=\"widget\" data-widget_type=\"icon-box.default\">\n\t\t\t\t<div class=\"elementor-widget-container\">\n\t\t\t\t\t\t\t<div class=\"elementor-icon-box-wrapper\">\n\n\t\t\t\t\t\t<div class=\"elementor-icon-box-icon\">\n\t\t\t\t<span  class=\"elementor-icon\">\n\t\t\t\t<i aria-hidden=\"true\" class=\"fas fa-heart\"><\/i>\t\t\t\t<\/span>\n\t\t\t<\/div>\n\t\t\t\n\t\t\t\t\t\t<div class=\"elementor-icon-box-content\">\n\n\t\t\t\t\t\t\t\t\t<h3 class=\"elementor-icon-box-title\">\n\t\t\t\t\t\t<span  >\n\t\t\t\t\t\t\tBeste Qualit\u00e4t \t\t\t\t\t\t<\/span>\n\t\t\t\t\t<\/h3>\n\t\t\t\t\n\t\t\t\t\n\t\t\t<\/div>\n\t\t\t\n\t\t<\/div>\n\t\t\t\t\t\t<\/div>\n\t\t\t\t<\/div>\n\t\t\t\t\t<\/div>\n\t\t<\/div>\n\t\t\t\t<div class=\"elementor-column elementor-col-25 elementor-top-column elementor-element elementor-element-ffafac2\" data-id=\"ffafac2\" data-element_type=\"column\">\n\t\t\t<div class=\"elementor-widget-wrap elementor-element-populated\">\n\t\t\t\t\t\t<div class=\"elementor-element elementor-element-98c2627 elementor-view-default elementor-position-top elementor-mobile-position-top elementor-widget elementor-widget-icon-box\" data-id=\"98c2627\" data-element_type=\"widget\" data-widget_type=\"icon-box.default\">\n\t\t\t\t<div class=\"elementor-widget-container\">\n\t\t\t\t\t\t\t<div class=\"elementor-icon-box-wrapper\">\n\n\t\t\t\t\t\t<div class=\"elementor-icon-box-icon\">\n\t\t\t\t<span  class=\"elementor-icon\">\n\t\t\t\t<i aria-hidden=\"true\" class=\"far fa-handshake\"><\/i>\t\t\t\t<\/span>\n\t\t\t<\/div>\n\t\t\t\n\t\t\t\t\t\t<div class=\"elementor-icon-box-content\">\n\n\t\t\t\t\t\t\t\t\t<h3 class=\"elementor-icon-box-title\">\n\t\t\t\t\t\t<span  >\n\t\t\t\t\t\t\tBester Preis\t\t\t\t\t\t<\/span>\n\t\t\t\t\t<\/h3>\n\t\t\t\t\n\t\t\t\t\n\t\t\t<\/div>\n\t\t\t\n\t\t<\/div>\n\t\t\t\t\t\t<\/div>\n\t\t\t\t<\/div>\n\t\t\t\t\t<\/div>\n\t\t<\/div>\n\t\t\t\t<div class=\"elementor-column elementor-col-25 elementor-top-column elementor-element elementor-element-b70d402\" data-id=\"b70d402\" data-element_type=\"column\">\n\t\t\t<div class=\"elementor-widget-wrap elementor-element-populated\">\n\t\t\t\t\t\t<div class=\"elementor-element elementor-element-e1b7975 elementor-view-default elementor-position-top elementor-mobile-position-top elementor-widget elementor-widget-icon-box\" data-id=\"e1b7975\" data-element_type=\"widget\" data-widget_type=\"icon-box.default\">\n\t\t\t\t<div class=\"elementor-widget-container\">\n\t\t\t\t\t\t\t<div class=\"elementor-icon-box-wrapper\">\n\n\t\t\t\t\t\t<div class=\"elementor-icon-box-icon\">\n\t\t\t\t<span  class=\"elementor-icon\">\n\t\t\t\t<i aria-hidden=\"true\" class=\"fas fa-money-check-alt\"><\/i>\t\t\t\t<\/span>\n\t\t\t<\/div>\n\t\t\t\n\t\t\t\t\t\t<div class=\"elementor-icon-box-content\">\n\n\t\t\t\t\t\t\t\t\t<h3 class=\"elementor-icon-box-title\">\n\t\t\t\t\t\t<span  >\n\t\t\t\t\t\t\tGarantiezahlung \t\t\t\t\t\t<\/span>\n\t\t\t\t\t<\/h3>\n\t\t\t\t\n\t\t\t\t\n\t\t\t<\/div>\n\t\t\t\n\t\t<\/div>\n\t\t\t\t\t\t<\/div>\n\t\t\t\t<\/div>\n\t\t\t\t\t<\/div>\n\t\t<\/div>\n\t\t\t\t\t<\/div>\n\t\t<\/section>\n\t\t\t\t<\/div>","protected":false},"excerpt":{"rendered":"<p>Return &amp; Refund PolicyUpdated at 2022-11-01Definitions and key termsTo help explain things as clearly as possible in this Return &amp; Refund Policy, every time any of these terms are referenced, are strictly defined as:&#8211;\u00a0 Company: when this policy mentions \u201cCompany,\u201d \u201cwe,\u201d \u201cus,\u201d or \u201cour,\u201d it refers to Myluxdream.com GbR, Erdingerstr. 19 84424 Isen that is&hellip;<\/p>","protected":false},"author":1,"featured_media":8560,"parent":0,"menu_order":0,"comment_status":"closed","ping_status":"closed","template":"elementor_header_footer","meta":{"_acf_changed":false,"footnotes":""},"class_list":["post-22","page","type-page","status-publish","has-post-thumbnail","hentry"],"acf":[],"yoast_head":"<!-- This site is optimized with the Yoast SEO plugin v27.4 - https:\/\/yoast.com\/product\/yoast-seo-wordpress\/ -->\n<title>Refund and Returns Policy - myluxdream.com<\/title>\n<meta name=\"robots\" content=\"index, follow, max-snippet:-1, max-image-preview:large, max-video-preview:-1\" \/>\n<link rel=\"canonical\" href=\"https:\/\/www.myluxdream.com\/de\/refund_returns-2\/\" \/>\n<meta property=\"og:locale\" content=\"de_DE\" \/>\n<meta property=\"og:type\" content=\"article\" \/>\n<meta property=\"og:title\" content=\"Refund and Returns Policy - myluxdream.com\" \/>\n<meta property=\"og:description\" content=\"Return &amp; Refund PolicyUpdated at 2022-11-01Definitions and key termsTo help explain things as clearly as possible in this Return &amp; Refund Policy, every time any of these terms are referenced, are strictly defined as:&#8211;\u00a0 Company: when this policy mentions \u201cCompany,\u201d \u201cwe,\u201d \u201cus,\u201d or \u201cour,\u201d it refers to Myluxdream.com GbR, Erdingerstr. 19 84424 Isen that is&hellip;\" \/>\n<meta property=\"og:url\" content=\"https:\/\/www.myluxdream.com\/de\/refund_returns-2\/\" \/>\n<meta property=\"og:site_name\" content=\"myluxdream.com\" \/>\n<meta property=\"article:modified_time\" content=\"2023-02-26T09:39:00+00:00\" \/>\n<meta property=\"og:image\" content=\"https:\/\/www.myluxdream.com\/wp-content\/uploads\/2023\/02\/pink-pajamas-girls-chocolade-colored-sheet-e1675228022788.jpg\" \/>\n\t<meta property=\"og:image:width\" content=\"1800\" \/>\n\t<meta property=\"og:image:height\" content=\"747\" \/>\n\t<meta property=\"og:image:type\" content=\"image\/jpeg\" \/>\n<meta name=\"twitter:card\" content=\"summary_large_image\" \/>\n<script type=\"application\/ld+json\" class=\"yoast-schema-graph\">{\"@context\":\"https:\\\/\\\/schema.org\",\"@graph\":[{\"@type\":\"WebPage\",\"@id\":\"https:\\\/\\\/www.myluxdream.com\\\/refund_returns-2\\\/\",\"url\":\"https:\\\/\\\/www.myluxdream.com\\\/refund_returns-2\\\/\",\"name\":\"Refund and Returns Policy - myluxdream.com\",\"isPartOf\":{\"@id\":\"https:\\\/\\\/www.myluxdream.com\\\/#website\"},\"primaryImageOfPage\":{\"@id\":\"https:\\\/\\\/www.myluxdream.com\\\/refund_returns-2\\\/#primaryimage\"},\"image\":{\"@id\":\"https:\\\/\\\/www.myluxdream.com\\\/refund_returns-2\\\/#primaryimage\"},\"thumbnailUrl\":\"https:\\\/\\\/www.myluxdream.com\\\/wp-content\\\/uploads\\\/2023\\\/02\\\/pink-pajamas-girls-chocolade-colored-sheet-e1675228022788.jpg\",\"datePublished\":\"2022-10-12T07:48:55+00:00\",\"dateModified\":\"2023-02-26T09:39:00+00:00\",\"breadcrumb\":{\"@id\":\"https:\\\/\\\/www.myluxdream.com\\\/refund_returns-2\\\/#breadcrumb\"},\"inLanguage\":\"de\",\"potentialAction\":[{\"@type\":\"ReadAction\",\"target\":[\"https:\\\/\\\/www.myluxdream.com\\\/refund_returns-2\\\/\"]}]},{\"@type\":\"ImageObject\",\"inLanguage\":\"de\",\"@id\":\"https:\\\/\\\/www.myluxdream.com\\\/refund_returns-2\\\/#primaryimage\",\"url\":\"https:\\\/\\\/www.myluxdream.com\\\/wp-content\\\/uploads\\\/2023\\\/02\\\/pink-pajamas-girls-chocolade-colored-sheet-e1675228022788.jpg\",\"contentUrl\":\"https:\\\/\\\/www.myluxdream.com\\\/wp-content\\\/uploads\\\/2023\\\/02\\\/pink-pajamas-girls-chocolade-colored-sheet-e1675228022788.jpg\",\"width\":1800,\"height\":747,\"caption\":\"Pink pajamas for Girls on chocolade colored sheet. Soft cotton nightwear. Copy space. Top view. Flat lay.\"},{\"@type\":\"BreadcrumbList\",\"@id\":\"https:\\\/\\\/www.myluxdream.com\\\/refund_returns-2\\\/#breadcrumb\",\"itemListElement\":[{\"@type\":\"ListItem\",\"position\":1,\"name\":\"Home\",\"item\":\"https:\\\/\\\/www.myluxdream.com\\\/\"},{\"@type\":\"ListItem\",\"position\":2,\"name\":\"Refund and Returns Policy\"}]},{\"@type\":\"WebSite\",\"@id\":\"https:\\\/\\\/www.myluxdream.com\\\/#website\",\"url\":\"https:\\\/\\\/www.myluxdream.com\\\/\",\"name\":\"myluxdream.com\",\"description\":\"myluxdream.com\",\"publisher\":{\"@id\":\"https:\\\/\\\/www.myluxdream.com\\\/#organization\"},\"potentialAction\":[{\"@type\":\"SearchAction\",\"target\":{\"@type\":\"EntryPoint\",\"urlTemplate\":\"https:\\\/\\\/www.myluxdream.com\\\/?s={search_term_string}\"},\"query-input\":{\"@type\":\"PropertyValueSpecification\",\"valueRequired\":true,\"valueName\":\"search_term_string\"}}],\"inLanguage\":\"de\"},{\"@type\":\"Organization\",\"@id\":\"https:\\\/\\\/www.myluxdream.com\\\/#organization\",\"name\":\"myluxdream.com\",\"url\":\"https:\\\/\\\/www.myluxdream.com\\\/\",\"logo\":{\"@type\":\"ImageObject\",\"inLanguage\":\"de\",\"@id\":\"https:\\\/\\\/www.myluxdream.com\\\/#\\\/schema\\\/logo\\\/image\\\/\",\"url\":\"https:\\\/\\\/www.myluxdream.com\\\/wp-content\\\/uploads\\\/2022\\\/09\\\/MYLUXDREAM-COMING-SOON_croped.webp\",\"contentUrl\":\"https:\\\/\\\/www.myluxdream.com\\\/wp-content\\\/uploads\\\/2022\\\/09\\\/MYLUXDREAM-COMING-SOON_croped.webp\",\"width\":1245,\"height\":1239,\"caption\":\"myluxdream.com\"},\"image\":{\"@id\":\"https:\\\/\\\/www.myluxdream.com\\\/#\\\/schema\\\/logo\\\/image\\\/\"}}]}<\/script>\n<!-- \/ Yoast SEO plugin. -->","yoast_head_json":{"title":"Refund and Returns Policy - myluxdream.com","robots":{"index":"index","follow":"follow","max-snippet":"max-snippet:-1","max-image-preview":"max-image-preview:large","max-video-preview":"max-video-preview:-1"},"canonical":"https:\/\/www.myluxdream.com\/de\/refund_returns-2\/","og_locale":"de_DE","og_type":"article","og_title":"Refund and Returns Policy - myluxdream.com","og_description":"Return &amp; Refund PolicyUpdated at 2022-11-01Definitions and key termsTo help explain things as clearly as possible in this Return &amp; Refund Policy, every time any of these terms are referenced, are strictly defined as:&#8211;\u00a0 Company: when this policy mentions \u201cCompany,\u201d \u201cwe,\u201d \u201cus,\u201d or \u201cour,\u201d it refers to Myluxdream.com GbR, Erdingerstr. 19 84424 Isen that is&hellip;","og_url":"https:\/\/www.myluxdream.com\/de\/refund_returns-2\/","og_site_name":"myluxdream.com","article_modified_time":"2023-02-26T09:39:00+00:00","og_image":[{"width":1800,"height":747,"url":"https:\/\/www.myluxdream.com\/wp-content\/uploads\/2023\/02\/pink-pajamas-girls-chocolade-colored-sheet-e1675228022788.jpg","type":"image\/jpeg"}],"twitter_card":"summary_large_image","schema":{"@context":"https:\/\/schema.org","@graph":[{"@type":"WebPage","@id":"https:\/\/www.myluxdream.com\/refund_returns-2\/","url":"https:\/\/www.myluxdream.com\/refund_returns-2\/","name":"Refund and Returns Policy - myluxdream.com","isPartOf":{"@id":"https:\/\/www.myluxdream.com\/#website"},"primaryImageOfPage":{"@id":"https:\/\/www.myluxdream.com\/refund_returns-2\/#primaryimage"},"image":{"@id":"https:\/\/www.myluxdream.com\/refund_returns-2\/#primaryimage"},"thumbnailUrl":"https:\/\/www.myluxdream.com\/wp-content\/uploads\/2023\/02\/pink-pajamas-girls-chocolade-colored-sheet-e1675228022788.jpg","datePublished":"2022-10-12T07:48:55+00:00","dateModified":"2023-02-26T09:39:00+00:00","breadcrumb":{"@id":"https:\/\/www.myluxdream.com\/refund_returns-2\/#breadcrumb"},"inLanguage":"de","potentialAction":[{"@type":"ReadAction","target":["https:\/\/www.myluxdream.com\/refund_returns-2\/"]}]},{"@type":"ImageObject","inLanguage":"de","@id":"https:\/\/www.myluxdream.com\/refund_returns-2\/#primaryimage","url":"https:\/\/www.myluxdream.com\/wp-content\/uploads\/2023\/02\/pink-pajamas-girls-chocolade-colored-sheet-e1675228022788.jpg","contentUrl":"https:\/\/www.myluxdream.com\/wp-content\/uploads\/2023\/02\/pink-pajamas-girls-chocolade-colored-sheet-e1675228022788.jpg","width":1800,"height":747,"caption":"Pink pajamas for Girls on chocolade colored sheet. Soft cotton nightwear. Copy space. Top view. Flat lay."},{"@type":"BreadcrumbList","@id":"https:\/\/www.myluxdream.com\/refund_returns-2\/#breadcrumb","itemListElement":[{"@type":"ListItem","position":1,"name":"Home","item":"https:\/\/www.myluxdream.com\/"},{"@type":"ListItem","position":2,"name":"Refund and Returns Policy"}]},{"@type":"WebSite","@id":"https:\/\/www.myluxdream.com\/#website","url":"https:\/\/www.myluxdream.com\/","name":"myluxdream.com","description":"myluxdream.com","publisher":{"@id":"https:\/\/www.myluxdream.com\/#organization"},"potentialAction":[{"@type":"SearchAction","target":{"@type":"EntryPoint","urlTemplate":"https:\/\/www.myluxdream.com\/?s={search_term_string}"},"query-input":{"@type":"PropertyValueSpecification","valueRequired":true,"valueName":"search_term_string"}}],"inLanguage":"de"},{"@type":"Organization","@id":"https:\/\/www.myluxdream.com\/#organization","name":"myluxdream.com","url":"https:\/\/www.myluxdream.com\/","logo":{"@type":"ImageObject","inLanguage":"de","@id":"https:\/\/www.myluxdream.com\/#\/schema\/logo\/image\/","url":"https:\/\/www.myluxdream.com\/wp-content\/uploads\/2022\/09\/MYLUXDREAM-COMING-SOON_croped.webp","contentUrl":"https:\/\/www.myluxdream.com\/wp-content\/uploads\/2022\/09\/MYLUXDREAM-COMING-SOON_croped.webp","width":1245,"height":1239,"caption":"myluxdream.com"},"image":{"@id":"https:\/\/www.myluxdream.com\/#\/schema\/logo\/image\/"}}]}},"jetpack_sharing_enabled":true,"_links":{"self":[{"href":"https:\/\/www.myluxdream.com\/de\/wp-json\/wp\/v2\/pages\/22","targetHints":{"allow":["GET"]}}],"collection":[{"href":"https:\/\/www.myluxdream.com\/de\/wp-json\/wp\/v2\/pages"}],"about":[{"href":"https:\/\/www.myluxdream.com\/de\/wp-json\/wp\/v2\/types\/page"}],"author":[{"embeddable":true,"href":"https:\/\/www.myluxdream.com\/de\/wp-json\/wp\/v2\/users\/1"}],"replies":[{"embeddable":true,"href":"https:\/\/www.myluxdream.com\/de\/wp-json\/wp\/v2\/comments?post=22"}],"version-history":[{"count":0,"href":"https:\/\/www.myluxdream.com\/de\/wp-json\/wp\/v2\/pages\/22\/revisions"}],"wp:featuredmedia":[{"embeddable":true,"href":"https:\/\/www.myluxdream.com\/de\/wp-json\/wp\/v2\/media\/8560"}],"wp:attachment":[{"href":"https:\/\/www.myluxdream.com\/de\/wp-json\/wp\/v2\/media?parent=22"}],"curies":[{"name":"wp","href":"https:\/\/api.w.org\/{rel}","templated":true}]}}