{"id":8319,"date":"2022-12-29T19:33:11","date_gmt":"2022-12-29T19:33:11","guid":{"rendered":"https:\/\/www.myluxdream.com\/?page_id=8319"},"modified":"2023-03-05T20:50:55","modified_gmt":"2023-03-05T20:50:55","slug":"delivering","status":"publish","type":"page","link":"https:\/\/www.myluxdream.com\/de\/delivering\/","title":{"rendered":"Lieferung"},"content":{"rendered":"<div data-elementor-type=\"wp-page\" data-elementor-id=\"8319\" class=\"elementor elementor-8319\" data-elementor-post-type=\"page\">\n\t\t\t\t\t\t<section class=\"elementor-section elementor-top-section elementor-element elementor-element-73a7dd2 elementor-section-full_width elementor-section-height-min-height elementor-section-content-middle elementor-section-height-default elementor-section-items-middle\" data-id=\"73a7dd2\" data-element_type=\"section\" data-settings=\"{&quot;background_background&quot;:&quot;classic&quot;}\">\n\t\t\t\t\t\t\t<div class=\"elementor-background-overlay\"><\/div>\n\t\t\t\t\t\t\t<div class=\"elementor-container elementor-column-gap-no\">\n\t\t\t\t\t<div class=\"elementor-column elementor-col-100 elementor-top-column elementor-element elementor-element-cd132cc\" data-id=\"cd132cc\" data-element_type=\"column\">\n\t\t\t<div class=\"elementor-widget-wrap elementor-element-populated\">\n\t\t\t\t\t\t\t<\/div>\n\t\t<\/div>\n\t\t\t\t\t<\/div>\n\t\t<\/section>\n\t\t\t\t<section class=\"elementor-section elementor-top-section elementor-element elementor-element-25a61eb1 elementor-section-boxed elementor-section-height-default elementor-section-height-default\" data-id=\"25a61eb1\" data-element_type=\"section\">\n\t\t\t\t\t\t<div class=\"elementor-container elementor-column-gap-default\">\n\t\t\t\t\t<div class=\"elementor-column elementor-col-100 elementor-top-column elementor-element elementor-element-27af93b4\" data-id=\"27af93b4\" data-element_type=\"column\">\n\t\t\t<div class=\"elementor-widget-wrap elementor-element-populated\">\n\t\t\t\t\t\t<div class=\"elementor-element elementor-element-d6a3fc6 elementor-widget-divider--view-line elementor-widget elementor-widget-divider\" data-id=\"d6a3fc6\" data-element_type=\"widget\" data-widget_type=\"divider.default\">\n\t\t\t\t<div class=\"elementor-widget-container\">\n\t\t\t\t\t\t\t<div class=\"elementor-divider\">\n\t\t\t<span class=\"elementor-divider-separator\">\n\t\t\t\t\t\t<\/span>\n\t\t<\/div>\n\t\t\t\t\t\t<\/div>\n\t\t\t\t<\/div>\n\t\t\t\t<div class=\"elementor-element elementor-element-14f39829 elementor-widget elementor-widget-text-editor\" data-id=\"14f39829\" data-element_type=\"widget\" data-widget_type=\"text-editor.default\">\n\t\t\t\t<div class=\"elementor-widget-container\">\n\t\t\t\t\t\t\t\t\t<h6 style=\"margin-bottom: 0in;\"><span lang=\"EN-US\" style=\"font-size: 12pt; line-height: 107%; font-family: Arial, sans-serif; color: #000000;\">VERSAND<\/span><\/h6><p><span style=\"color: #000000;\"><b><span lang=\"EN-US\" style=\"font-size: 12.0pt; line-height: 107%; font-family: 'Arial',sans-serif; mso-ansi-language: EN-US;\">\u00a0<\/span><\/b><\/span><\/p><p><span style=\"color: #000000;\"><b><span lang=\"EN-US\" style=\"font-size: 12.0pt; line-height: 107%; font-family: 'Arial',sans-serif; mso-ansi-language: EN-US;\">VERPACKUNG<\/span><\/b><\/span><\/p><p><span style=\"font-family: Arial, sans-serif; font-size: 12pt; letter-spacing: 0.6pt; color: #000000; text-transform: var(--the7-h6-text-transform); word-spacing: var(--the7-h6-word-spacing); background-color: rgba(255, 255, 255, 0);\">Ihr Einkauf wird in einer umweltfreundlichen Verpackung versendet, oder Sie k\u00f6nnen sich ohne zus\u00e4tzliche Kosten f\u00fcr unsere charakteristische MYLUXDREAM-Verpackung entscheiden.<\/span><\/p><p><b style=\"letter-spacing: var(--the7-h6-letter-spacing); text-transform: var(--the7-h6-text-transform); word-spacing: var(--the7-h6-word-spacing); color: #000000; background-color: rgba(255, 255, 255, 0);\"><span lang=\"EN-US\" style=\"font-size: 12.0pt; line-height: 107%; font-family: 'Arial',sans-serif; mso-ansi-language: EN-US;\">\u00a0<\/span><\/b><\/p><p><b style=\"letter-spacing: var(--the7-h6-letter-spacing); text-transform: var(--the7-h6-text-transform); word-spacing: var(--the7-h6-word-spacing); color: #000000; background-color: rgba(255, 255, 255, 0);\"><span lang=\"EN-US\" style=\"font-size: 12.0pt; line-height: 107%; font-family: 'Arial',sans-serif; mso-ansi-language: EN-US;\">VERSANDART<\/span><\/b><\/p><p class=\" translation-block\"><span lang=\"EN-US\" style=\"color: #000000;text-transform: var(--the7-h6-text-transform)\">Versand nach Deutschland verwaltet von unserem Partnerkurier DHL. Ihre Bestellung ist einen Werktag nach Zahlungseingang versandfertig,\u00a0<\/span><span style=\"color: #000000;text-transform: var(--the7-base-text-transform)\">sp\u00e4testens.<\/span><\/p><p><span style=\"color: #000000;\"><b><span lang=\"EN-US\" style=\"font-size: 12.0pt; line-height: 107%; font-family: 'Arial',sans-serif; mso-ansi-language: EN-US;\">\u00a0<\/span><\/b><\/span><\/p><p><span style=\"color: #000000;\"><b><span lang=\"EN-US\" style=\"font-size: 12.0pt; line-height: 107%; font-family: 'Arial',sans-serif; mso-ansi-language: EN-US;\">VERSANDKOSTEN UND LIEFERZEIT<\/span><\/b><\/span><\/p><div style=\"border-top: none; border-right: none; border-left: none; border-image: initial; border-bottom: 1pt solid windowtext; padding: 0in 0in 1pt; background-image: initial; background-position: initial; background-size: initial; background-repeat: initial; background-attachment: initial; background-origin: initial; background-clip: initial;\"><div style=\"mso-element: para-border-div; border: none; border-bottom: solid windowtext 1.0pt; mso-border-bottom-alt: solid windowtext .5pt; padding: 0in 0in 1.0pt 0in;\"><p style=\"margin-bottom: 0in; line-height: normal;\"><span lang=\"EN-US\" style=\"font-size: 12pt; font-family: Arial, sans-serif; color: #999999; letter-spacing: 0.6pt; background-image: initial; background-position: initial; background-size: initial; background-repeat: initial; background-attachment: initial; background-origin: initial; background-clip: initial;\"><a href=\"https:\/\/www.myluxdream.com\/wp-content\/uploads\/2023\/03\/cost.jpg\"><img fetchpriority=\"high\" decoding=\"async\" class=\"alignnone size-medium wp-image-8760\" src=\"https:\/\/www.myluxdream.com\/wp-content\/uploads\/2023\/03\/cost-555x101.jpg\" alt=\"\" width=\"555\" height=\"101\" \/><\/a>\u00a0<\/span><\/p><p>\u00a0<\/p><p style=\"margin-bottom: 0in; line-height: normal;\"><span style=\"color: #000000;\"><span lang=\"EN-US\" style=\"font-size: 12pt; font-family: Arial, sans-serif; letter-spacing: 0.6pt; background-image: initial; background-position: initial; background-size: initial; background-repeat: initial; background-attachment: initial; background-origin: initial; background-clip: initial; color: #999999;\">Wenn Sie Informationen zu den Versandkosten f\u00fcr ein Land suchen, das nicht angezeigt wird, informieren wir Sie an der Kasse.<\/span><b><\/b><\/span><\/p><p style=\"margin-bottom: 0in; line-height: normal;\"><span lang=\"EN-US\" style=\"font-size: 12pt; font-family: Arial, sans-serif; color: #000000; letter-spacing: 0.6pt; background-image: initial; background-position: initial; background-size: initial; background-repeat: initial; background-attachment: initial; background-origin: initial; background-clip: initial;\">\u00a0<\/span><\/p><p style=\"margin-bottom: 0in;\"><span style=\"color: #000000;\"><b><span lang=\"EN-US\" style=\"font-size: 12.0pt; line-height: 107%; font-family: 'Arial',sans-serif; mso-ansi-language: EN-US;\">VERFOLGEN SIE IHREN STATUS<\/span><\/b><\/span><\/p><p style=\"margin-bottom: 0in;\"><span lang=\"EN-US\" style=\"font-size: 12pt; line-height: 107%; font-family: Arial, sans-serif; letter-spacing: 0.6pt; background-image: initial; background-position: initial; background-size: initial; background-repeat: initial; background-attachment: initial; background-origin: initial; background-clip: initial; color: #000000;\">\u00a0<\/span><\/p><p style=\"margin-bottom: 0in;\" class=\" translation-block\"><span style=\"color: #000000\"><span style=\"font-size: 12pt\">Sobald wir haben\u00a0<\/span><span style=\"font-size: 12pt;text-transform: var(--the7-base-text-transform)\"> Ihre Bestellung versandt, erhalten Sie eine E-Mail mit der Sendungsverfolgungsnummer f\u00fcr Ihre <\/span><span style=\"font-size: 12pt;letter-spacing: 0.6pt;text-transform: var(--the7-base -text-transform)\">parcel. Sie k\u00f6nnen den Status Ihrer Sendung ein bis zwei Stunden nach <\/span><span style=\"font-size: 12pt;letter-spacing: 0.6pt;text-transform: var(--the7-base-text-transform)\">Empfang der E-Mail \u00fcber den bereitgestellten Link.<\/span><\/span><\/p><p style=\"margin-bottom: 0in;\"><span style=\"font-size: 12pt; letter-spacing: 0.6pt; background-color: rgba(255, 255, 255, 0); color: #000000; text-transform: var(--the7-base-text-transform); word-spacing: normal;\">\u00a0<\/span><\/p><p style=\"margin-bottom: 0in;\"><span style=\"font-size: 12pt; letter-spacing: 0.6pt; background-color: rgba(255, 255, 255, 0); color: #000000; text-transform: var(--the7-base-text-transform); word-spacing: normal;\">\u00a0<\/span><\/p><p style=\"margin-bottom: 0in;\"><span style=\"color: #000000;\"><img decoding=\"async\" src=\"data:image\/png;base64,iVBORw0KGgoAAAANSUhEUgAAAO0AAAA1CAYAAACtIGzNAAAAAXNSR0IArs4c6QAAAARnQU1BAACxjwv8YQUAAAAJcEhZcwAAFxEAABcRAcom8z8AABBNSURBVHhe7Z15dFxVHcffZF+apW2SJm1KkmYvUATBhaNH4YjggqIoiiAeQFHRc\/DgckQFxYWdg6AIoqi0pZRCpRYPgmChYC20ZW8zSdostGnadE3a7NvP3\/f35o0vM3fSdubOzHv1\/fE502beu7\/7u\/f3u\/d31zEmNxnk4eHhfOhN+VzsOa2Hh0vwnNbDw2V4Tuvh4TI8p\/XwcBme03p4uAzPaT08XIa7nPZV5jUXgnyr9NFJvMrmaPOuejdWppMdT1tIRH3FgHuclgsTmaXXXQby3MS0MFvMvyn1iwU2MpGDMgqVHwNivBtsciJAbzBxqJuJDT6lPCDyIFfxXqxMbgygkOsEoDt\/OtxpYZRvGXTorhm0+4oS6vlasWvY++3ZdOCGQjr821waejxT9BEHZoML0zMaAg576G7NZfPVYtrzjSIafTqNJmHIKtkMvW3Q6FNptOfqInlHmVYU7L6shA7fm6vs+WizQYNLs6jnKn5Wo0yw67I51HdnnqlziFyn4AqnRU818Ods8hfWs++exHZyouvYbCyk1rIa2n5OOR24sZDG\/50iPa8YpULnowVlM7g4i5pn1mktmzeNk6nrY3Np4hWf2fuoZHPDM7HJRzvOm6dddvOsOhpckiWN9RSZ7LCjz6ZRW0OVPKd6P1qQnj+7nvp\/n2PWjU2uk3C803Jp0tjzqdS+qFIKdovR6FrguDDuLSmN1HFaBR2+P1eMcLqebDpQNuNrUyQtnWWDtNpPqqSx51JFhkq29PBs2PuunSV6qdKJBkkrtZF6b84n8ptygjJRTtzI7bygTLstQC7Y\/6NCRzsscLbTopK4Ne++qFR7JSUTGAf08efV08EbCkzHONZQjMsGvdCuS+ZoLRvkrTm\/jvof4N4GTqOSzeC7\/gdzyD+zXqt8pLX7SyVmDxvSmEEmhhpwanFuxfvRArk7P1VmNka6hi5xwrlOi8LjSjr48wLakqG\/kpwADKUpu4H6bs2TMFdZDioCZdN3cx41ZTVoKxukA\/Z9d5aZnwgNCT9EY2s4RD2xSrvDdpxaQWMvcA8fGhazvoPLsqhldq12W4DcttoqGv1nmhn52OQ6Ecc6LYxm6NFMaplTq9UwnAZ0a51fQ8OrM47aYPhFGl6ZQVvLqrU7zY6PzpMZ40i9jYxvme7P641+4IgyjuXxeWgDxoJobG0qdZ5xglaZAHIR8Ry+j4cq3DDY5ToVRzotMjW+LoXeOXO+9kpyIhjnYqZWKuMIE1N4ZmI9l80H9JYN0tpaWU0jf+fGY5oxnUQ\/N3L0ozFERTqbUxfSAYwn4Tj2MuB\/o9fFbHI8bAGy935rtqnzsQ5RkoTznBaVxD0Opt\/\/HxwWQM+2mioafzHFqhAlsg7LxoXlFTF0jU6DMP3QXTOm7W3w3dDyTGotrtHeYHSdP5edJnymmpoN6uXhQ1OGvmGABeRuP6ucJjFDPk25Ow3HOS0q6dCvZ1BTpv5KcirQ059VT0MrM8PGcnZQNljv1TmOBUhrz5Xc00N2pHEsfzf+Eoeo79MboiKtbbULaPSZ8PEkwuThJ3gYcEK1dluA3K0V1TS8avrIwok4ymlhGMOPZVDr3BrOl941ON3odpqm9Abq\/0NOxCUWGDQ2MWyrWSDyVelEA9LqfP8JMhyJ2GCgh+d89VyhN\/qB3v4ZPJ78Xfh4UgzzZZ\/0hDplAqm79Ebquy1PGkK7XDfgHKfFOIbZ971ZMivZ8e4KZ3I6c2oFtRTXKg0iGiynlc0ECqeVSSHuAbs+MVe702yt4nHsk+lE7WbDoKSVo5879UY\/SAcEx5Oof0tnaxjA3+mSZwdl2POVYmmkMOSwl7UbcFZ4vNGQBf2xNczzzgVh4sAfs8mfU6\/FqJAGGoGxZ1OtCvkfgeWdfd83NzHoMmJJJ7WR9lxVxKFpuoShw39V8GSGrMduq9Lfw2\/\/ULnsuJoM0Rn6YgsjemFd+lpALmahZf4gUmThcJzltAx6FWkBOWNHhFtj6mTe0Qj2BatkWSBvbYH1Yw6xdBgVZo+7P1dq9jAhLT8MGFs4m2fXaXUaC\/TwTakNsktLhXzHz+l0HujRWl7DDQX38NyTT9GX6xT7ndt4nKtbX6SHcsR6b2g47iZgh\/zpHKc9WuA8o8+lyVJA92fLZN0wJthp8Nl3F49zUCiRJmS4socfy6SWUj3rx0ijpayWhjjNMAPmUHmce\/aORXq3KYYChzwSqveiAWlhJljGkyEbOKxy7\/qk3mEAEB3SGungTwtc7bDAnU6LLXzY3nhhqfRSunjDWERdH59rVqrCafkhGv9PCm3\/oJ7JETEkHxvSzwKGZJcJHblydl2kd5tisoEuu79cYjZQ9uUd1h1OvP+6QuV7sQK53ReUBjeHBOW6EPc5LSqXDVwW+DWFpwDpNBfURZ7BDUyO7L16tjYnepsbCvTwUgmhBsw69v4i\/7jawoly6zidx5NrFdsUmw0aXBKfYQDSw6kgnA6SxsIm1424zmlle+NyDk+L9e5BRVqYueb\/qHtZdiIsTeiafIIhtZ9cSWP\/UhgwdEQIXnL8bOGURhHjyaU8nkQZ2\/VlRxp7IY063qV\/GID0cGzxSAcg3ISrnBaZxTnUzvfqX+Dfce48mtio3hnDD8gMK1prHXJhwP78ehp4MNyQIH9iHet4pv59tslCGrmURjpwvXoYgJNcuy+OzzZFpLnvmsiNsRtxj9MiPLUt8Ovo7QDSwnJGxD23bFQTG1LkDCfGvao0jgXke7PPdpLGPluMsJh73Z4r9eqYTKADdOn+TJmUZehBBJRB7y95qMNOrVtfyN3xkciNsVtxh9PCmLG98Y487Qv8W7Ia6fDduRF3xnDNs0OnU2tpjTwfKzCkrvPm0iQbUtg4lhsNXHWC2VU8Z+XRzUCPtsYqGlMce8P\/Bx\/JolbbMECVRjQgva3VgY0jx8E41o4rnBbGPLI6XU6hWJWrA\/R4OJggY8qQ9dEg7Ey4YGzw4SxZm8VJlAM\/jhK8+5NC89xmyDgW8nF1CzYVYCOF8n23wfriJgjMQXDFTdWXgfENLM6WuQTl+zGw\/4czzfEz5B4nYbFF0GlhRI4AGbIVsoRT7DQIc7Q6LLfGuKZlYj2HTq2m3Ej5QcWjJ44JHstJOkgzJESUXhZyAPcKyvejgUPPMH1UcKOofD8W7PqiTu36MiiDYNniWVUasYA0QUD+FH11YY+UoBPCf9VzumG9Jt9kp1VuYUs0KzNk1hSTTeK4MGY2vL3X6N+DivQwsYRbDCNu4VOBZ48VvPd4hjQQYT06dOTKHnkqXW5rjFpGKCxvZFW6eRUoZAbKcwowNDbo8ZdSzHd0yeZ0UI+4gUIVwUAmtmwij9pkqkDacWJoRaaE3kGduBGaWOczv2c7Dn1eJ+Or+XNlxhKjZVYtJZumvAbafna5eVMhWi1uUfofyCV\/gf49qBY4EqfKi06whxYTWYgYVNsUsTaM0B83N6jejwbMTuPcLVpmy0FDwXcTL3MUc+488s\/SVw6oLxyqwHbEsIknjiTQQLWfUqlVZiJBPWH5qvdX+WYvzqBxwl1midCpneVvK6tZbuAoXDLBbiRMMlmbG1C5Y7gqs1HvPUShoDGIJ9Bt6\/xq86wsKtduwKwn1mmtu5ZU70cDZLafWGmOnUNkBmEj44flXmbI1iVf6srXSL03sUGHNBiSl1d9cjUrZuJV7zudtxmU745z5snuOOgEsKz0VsCOLZuOF00sg8t5hdF7Sz4lhVvNz4M3FdDAn7LNZQFULn92x+GqzESCvLeU18pkiyzv2JxGIgnoeKHeu5aQVnNxnVKmHXyHe5H8uXqjGMjvubxEGqSw2XFuJPb\/YKY4tepdNwD9cKZ59B\/mbLhETkz\/fTly7WvvLXlT7TsOHL4jnw7dlrfUoA7OQDLAOU5MBAEMsFG5bFAHri+My9pdohCHnVNrXnwN5wkJUaErNq9rv2vJt1D272IyRhkW8xiXH5abItrq9d+miI0vMrxBL2uTCwPHbC52J7m1TpHvppwGuT3EqlPoKQ0w7Fdl3\/Ggi2V3GA8Zuy6eQ8kAJ2uwNCCVi0JgY5arMl28hQ\/5xhUpOHPLfwh3WK5w2Yqp+aZJpGXetcQyQmeoLdmYMHnNRzvP1xvFwKCxtVSOvcGg7XKRH+5543F6J5FAxz3fLDJ72MCwA0t43V8oU9p2vNh\/SSn1XDpnmYFYPNG8zmCMgBBZWiwujLEXU+V2CDdWLioV+e44vdI8aqfqYdl4MVvb+R692xQhG3ctjTydboamNplB4Dycp\/3XcYiquYeX00o3KrYpMjBwXG6A\/LnVaZFvObT\/ss+0VdYJp7Pwd5Vtx5Mm4xTIXWHgZyASzbbGBeYmfRRCYN0uXldlxhvJc2YDdX+xlMbXpCodViZ\/WNeey4u1OQyAbNymKHf3Iiy2y7SBPA3yWLeFQ1SdZYy05LQS6lDRw0Pn0WfYaavd6bSoK0wmYimH\/yDhMJazcP1PW90C6lhUmVB2nFJFnadVLDfQQiYMLH4HQgwJM9AD8N\/6bs9jw9fXAyQCGCHADHDf7RwxwHDZSEMNV4yXde\/DXUu6fxWAx7HWXUuR7jxCnnAkDksxuh1WZqqnO\/aG+uV67joPG2Ri37+dSFC+uN3D\/ttCYrfoaGDDdrtOFG2cD7+x2MAkQaLA9Smy8A8DQyFwDzC8KlNaMze0xKhI5BOfrRU18iNUWJ6SXi6S00DHv5nXgep2muBdS4peTmRjooSNLC6\/+1NQZ47d2ZhUsi1YsPxihKU\/3lWl6TSQ192XlpidC8qR6xebQgYeypaL+MSm8ZlARh9hH1qSudTA1H8iwOwbZhCxE0laKy6M8fUptP3D5fxfZ7XCMCwLVJ61tthcVEedZ1TIHlfr919glCpjBeh9ZRPD2Xp1RJ5a59XQyBPT3N0baBSxborZeF1OK+WC00rXzjR7WJajlG8Dzw2xweHmD4TzKAvLgS1UspIF8oYbOOW3hbh+UY44U91SVCt2rLLvRNCW24BNFo8ayGAiQEVhBmxyEw\/o0TO84aM9Xy8Kfm+vwGQiFcdGjt1MiACwT3nnp8vkSB1aV4IzwFkRCk9nsHiO9cTuJN06wnD6MImHXi5CHpC\/oWXmpQE6ZSMt\/C7tMR17C5TZ5Cv4gfA8WTnApCMaHlwugMkslaxkADvFj32hZ5Py5XIcWZ0hxzitxiZZNEvDv3CFgbWnuPMb5t7cqddXbjQkvELPq3wnWXCLijVWhEHY74lrXbnEzPU4GF6EMDgMOBPr2P+gZh3vyZVhBn4sa8omhlA4n9gji19tkPJXpRUNLH\/a36+dDs6TjM2458KVtNhzPfCXbClv2IdSXoJBXaGxCzZIXMbYUHHoHi5H1l31TqIYuJ9t896cpYZcHZoo0MNiI3ugErnZUD+XbDBhBuNCj4rKO1pHVRAXHdEDHEWeZHJM9X6soExs9XjMoOflNKRsUM4ob5WcZMGNSjCvrKeUoxPy2M75aXH6IXgPD48ggd7fc1oPD7fgOa2Hh8vwnNbDw2V4Tuvh4TI8p\/XwcBlBp5XpbA8PD+eD3W8bjYeNiU3GKg8PDxfwqvHk5AbjO\/8F\/lDLYw5UyjwAAAAASUVORK5CYII=\" alt=\"\" \/><span style=\"font-size: 12pt; letter-spacing: 0.6pt; background-color: rgba(255, 255, 255, 0); text-transform: var(--the7-base-text-transform); word-spacing: normal;\"><br \/><\/span><\/span><\/p><p><span style=\"color: #000000;\"><a style=\"color: #000000;\" href=\"http:\/\/www.dhl.com\/\" target=\"_blank\" rel=\"noopener\"><span lang=\"EN-US\" style=\"font-size: 12pt; line-height: 107%; font-family: Arial, sans-serif; letter-spacing: 0.6pt; background-image: initial; background-position: initial; background-size: initial; background-repeat: initial; background-attachment: initial; background-origin: initial; background-clip: initial;\">\u00dcberpr\u00fcfen Sie den Status des Pakets<\/span><\/a><\/span><\/p><\/div><\/div>\t\t\t\t\t\t\t\t<\/div>\n\t\t\t\t<\/div>\n\t\t\t\t\t<\/div>\n\t\t<\/div>\n\t\t\t\t\t<\/div>\n\t\t<\/section>\n\t\t\t\t<\/div>","protected":false},"excerpt":{"rendered":"<p>SHIPPING \u00a0 PACKAGING Your purchase will be shipped in environmentally friendly packaging, or you can opt for our signature MYLUXDREAM packaging at no additional cost. \u00a0 SHIPPING METHOD Deliveries to Germany are managed by our affiliate courier DHL. Your order will be ready for dispatch one business day after the receipt of payment,\u00a0at the latest.&hellip;<\/p>","protected":false},"author":1,"featured_media":8560,"parent":0,"menu_order":0,"comment_status":"closed","ping_status":"closed","template":"elementor_header_footer","meta":{"_acf_changed":false,"footnotes":""},"class_list":["post-8319","page","type-page","status-publish","has-post-thumbnail","hentry"],"acf":[],"yoast_head":"<!-- This site is optimized with the Yoast SEO plugin v27.4 - https:\/\/yoast.com\/product\/yoast-seo-wordpress\/ -->\n<title>Delivering - myluxdream.com<\/title>\n<meta name=\"robots\" content=\"index, follow, max-snippet:-1, max-image-preview:large, max-video-preview:-1\" \/>\n<link rel=\"canonical\" href=\"https:\/\/www.myluxdream.com\/de\/delivering\/\" \/>\n<meta property=\"og:locale\" content=\"de_DE\" \/>\n<meta property=\"og:type\" content=\"article\" \/>\n<meta property=\"og:title\" content=\"Delivering - myluxdream.com\" \/>\n<meta property=\"og:description\" content=\"SHIPPING \u00a0 PACKAGING Your purchase will be shipped in environmentally friendly packaging, or you can opt for our signature MYLUXDREAM packaging at no additional cost. \u00a0 SHIPPING METHOD Deliveries to Germany are managed by our affiliate courier DHL. Your order will be ready for dispatch one business day after the receipt of payment,\u00a0at the latest.&hellip;\" \/>\n<meta property=\"og:url\" content=\"https:\/\/www.myluxdream.com\/de\/delivering\/\" \/>\n<meta property=\"og:site_name\" content=\"myluxdream.com\" \/>\n<meta property=\"article:modified_time\" content=\"2023-03-05T20:50:55+00:00\" \/>\n<meta property=\"og:image\" content=\"https:\/\/www.myluxdream.com\/wp-content\/uploads\/2023\/02\/pink-pajamas-girls-chocolade-colored-sheet-e1675228022788.jpg\" \/>\n\t<meta property=\"og:image:width\" content=\"1800\" \/>\n\t<meta property=\"og:image:height\" content=\"747\" \/>\n\t<meta property=\"og:image:type\" content=\"image\/jpeg\" \/>\n<meta name=\"twitter:card\" content=\"summary_large_image\" \/>\n<script type=\"application\/ld+json\" class=\"yoast-schema-graph\">{\"@context\":\"https:\\\/\\\/schema.org\",\"@graph\":[{\"@type\":\"WebPage\",\"@id\":\"https:\\\/\\\/www.myluxdream.com\\\/delivering\\\/\",\"url\":\"https:\\\/\\\/www.myluxdream.com\\\/delivering\\\/\",\"name\":\"Delivering - myluxdream.com\",\"isPartOf\":{\"@id\":\"https:\\\/\\\/www.myluxdream.com\\\/#website\"},\"primaryImageOfPage\":{\"@id\":\"https:\\\/\\\/www.myluxdream.com\\\/delivering\\\/#primaryimage\"},\"image\":{\"@id\":\"https:\\\/\\\/www.myluxdream.com\\\/delivering\\\/#primaryimage\"},\"thumbnailUrl\":\"https:\\\/\\\/www.myluxdream.com\\\/wp-content\\\/uploads\\\/2023\\\/02\\\/pink-pajamas-girls-chocolade-colored-sheet-e1675228022788.jpg\",\"datePublished\":\"2022-12-29T19:33:11+00:00\",\"dateModified\":\"2023-03-05T20:50:55+00:00\",\"breadcrumb\":{\"@id\":\"https:\\\/\\\/www.myluxdream.com\\\/delivering\\\/#breadcrumb\"},\"inLanguage\":\"de\",\"potentialAction\":[{\"@type\":\"ReadAction\",\"target\":[\"https:\\\/\\\/www.myluxdream.com\\\/delivering\\\/\"]}]},{\"@type\":\"ImageObject\",\"inLanguage\":\"de\",\"@id\":\"https:\\\/\\\/www.myluxdream.com\\\/delivering\\\/#primaryimage\",\"url\":\"https:\\\/\\\/www.myluxdream.com\\\/wp-content\\\/uploads\\\/2023\\\/02\\\/pink-pajamas-girls-chocolade-colored-sheet-e1675228022788.jpg\",\"contentUrl\":\"https:\\\/\\\/www.myluxdream.com\\\/wp-content\\\/uploads\\\/2023\\\/02\\\/pink-pajamas-girls-chocolade-colored-sheet-e1675228022788.jpg\",\"width\":1800,\"height\":747,\"caption\":\"Pink pajamas for Girls on chocolade colored sheet. Soft cotton nightwear. Copy space. Top view. Flat lay.\"},{\"@type\":\"BreadcrumbList\",\"@id\":\"https:\\\/\\\/www.myluxdream.com\\\/delivering\\\/#breadcrumb\",\"itemListElement\":[{\"@type\":\"ListItem\",\"position\":1,\"name\":\"Home\",\"item\":\"https:\\\/\\\/www.myluxdream.com\\\/\"},{\"@type\":\"ListItem\",\"position\":2,\"name\":\"Delivering\"}]},{\"@type\":\"WebSite\",\"@id\":\"https:\\\/\\\/www.myluxdream.com\\\/#website\",\"url\":\"https:\\\/\\\/www.myluxdream.com\\\/\",\"name\":\"myluxdream.com\",\"description\":\"myluxdream.com\",\"publisher\":{\"@id\":\"https:\\\/\\\/www.myluxdream.com\\\/#organization\"},\"potentialAction\":[{\"@type\":\"SearchAction\",\"target\":{\"@type\":\"EntryPoint\",\"urlTemplate\":\"https:\\\/\\\/www.myluxdream.com\\\/?s={search_term_string}\"},\"query-input\":{\"@type\":\"PropertyValueSpecification\",\"valueRequired\":true,\"valueName\":\"search_term_string\"}}],\"inLanguage\":\"de\"},{\"@type\":\"Organization\",\"@id\":\"https:\\\/\\\/www.myluxdream.com\\\/#organization\",\"name\":\"myluxdream.com\",\"url\":\"https:\\\/\\\/www.myluxdream.com\\\/\",\"logo\":{\"@type\":\"ImageObject\",\"inLanguage\":\"de\",\"@id\":\"https:\\\/\\\/www.myluxdream.com\\\/#\\\/schema\\\/logo\\\/image\\\/\",\"url\":\"https:\\\/\\\/www.myluxdream.com\\\/wp-content\\\/uploads\\\/2022\\\/09\\\/MYLUXDREAM-COMING-SOON_croped.webp\",\"contentUrl\":\"https:\\\/\\\/www.myluxdream.com\\\/wp-content\\\/uploads\\\/2022\\\/09\\\/MYLUXDREAM-COMING-SOON_croped.webp\",\"width\":1245,\"height\":1239,\"caption\":\"myluxdream.com\"},\"image\":{\"@id\":\"https:\\\/\\\/www.myluxdream.com\\\/#\\\/schema\\\/logo\\\/image\\\/\"}}]}<\/script>\n<!-- \/ Yoast SEO plugin. -->","yoast_head_json":{"title":"Delivering - myluxdream.com","robots":{"index":"index","follow":"follow","max-snippet":"max-snippet:-1","max-image-preview":"max-image-preview:large","max-video-preview":"max-video-preview:-1"},"canonical":"https:\/\/www.myluxdream.com\/de\/delivering\/","og_locale":"de_DE","og_type":"article","og_title":"Delivering - myluxdream.com","og_description":"SHIPPING \u00a0 PACKAGING Your purchase will be shipped in environmentally friendly packaging, or you can opt for our signature MYLUXDREAM packaging at no additional cost. \u00a0 SHIPPING METHOD Deliveries to Germany are managed by our affiliate courier DHL. Your order will be ready for dispatch one business day after the receipt of payment,\u00a0at the latest.&hellip;","og_url":"https:\/\/www.myluxdream.com\/de\/delivering\/","og_site_name":"myluxdream.com","article_modified_time":"2023-03-05T20:50:55+00:00","og_image":[{"width":1800,"height":747,"url":"https:\/\/www.myluxdream.com\/wp-content\/uploads\/2023\/02\/pink-pajamas-girls-chocolade-colored-sheet-e1675228022788.jpg","type":"image\/jpeg"}],"twitter_card":"summary_large_image","schema":{"@context":"https:\/\/schema.org","@graph":[{"@type":"WebPage","@id":"https:\/\/www.myluxdream.com\/delivering\/","url":"https:\/\/www.myluxdream.com\/delivering\/","name":"Delivering - myluxdream.com","isPartOf":{"@id":"https:\/\/www.myluxdream.com\/#website"},"primaryImageOfPage":{"@id":"https:\/\/www.myluxdream.com\/delivering\/#primaryimage"},"image":{"@id":"https:\/\/www.myluxdream.com\/delivering\/#primaryimage"},"thumbnailUrl":"https:\/\/www.myluxdream.com\/wp-content\/uploads\/2023\/02\/pink-pajamas-girls-chocolade-colored-sheet-e1675228022788.jpg","datePublished":"2022-12-29T19:33:11+00:00","dateModified":"2023-03-05T20:50:55+00:00","breadcrumb":{"@id":"https:\/\/www.myluxdream.com\/delivering\/#breadcrumb"},"inLanguage":"de","potentialAction":[{"@type":"ReadAction","target":["https:\/\/www.myluxdream.com\/delivering\/"]}]},{"@type":"ImageObject","inLanguage":"de","@id":"https:\/\/www.myluxdream.com\/delivering\/#primaryimage","url":"https:\/\/www.myluxdream.com\/wp-content\/uploads\/2023\/02\/pink-pajamas-girls-chocolade-colored-sheet-e1675228022788.jpg","contentUrl":"https:\/\/www.myluxdream.com\/wp-content\/uploads\/2023\/02\/pink-pajamas-girls-chocolade-colored-sheet-e1675228022788.jpg","width":1800,"height":747,"caption":"Pink pajamas for Girls on chocolade colored sheet. Soft cotton nightwear. Copy space. Top view. Flat lay."},{"@type":"BreadcrumbList","@id":"https:\/\/www.myluxdream.com\/delivering\/#breadcrumb","itemListElement":[{"@type":"ListItem","position":1,"name":"Home","item":"https:\/\/www.myluxdream.com\/"},{"@type":"ListItem","position":2,"name":"Delivering"}]},{"@type":"WebSite","@id":"https:\/\/www.myluxdream.com\/#website","url":"https:\/\/www.myluxdream.com\/","name":"myluxdream.com","description":"myluxdream.com","publisher":{"@id":"https:\/\/www.myluxdream.com\/#organization"},"potentialAction":[{"@type":"SearchAction","target":{"@type":"EntryPoint","urlTemplate":"https:\/\/www.myluxdream.com\/?s={search_term_string}"},"query-input":{"@type":"PropertyValueSpecification","valueRequired":true,"valueName":"search_term_string"}}],"inLanguage":"de"},{"@type":"Organization","@id":"https:\/\/www.myluxdream.com\/#organization","name":"myluxdream.com","url":"https:\/\/www.myluxdream.com\/","logo":{"@type":"ImageObject","inLanguage":"de","@id":"https:\/\/www.myluxdream.com\/#\/schema\/logo\/image\/","url":"https:\/\/www.myluxdream.com\/wp-content\/uploads\/2022\/09\/MYLUXDREAM-COMING-SOON_croped.webp","contentUrl":"https:\/\/www.myluxdream.com\/wp-content\/uploads\/2022\/09\/MYLUXDREAM-COMING-SOON_croped.webp","width":1245,"height":1239,"caption":"myluxdream.com"},"image":{"@id":"https:\/\/www.myluxdream.com\/#\/schema\/logo\/image\/"}}]}},"jetpack_sharing_enabled":true,"_links":{"self":[{"href":"https:\/\/www.myluxdream.com\/de\/wp-json\/wp\/v2\/pages\/8319","targetHints":{"allow":["GET"]}}],"collection":[{"href":"https:\/\/www.myluxdream.com\/de\/wp-json\/wp\/v2\/pages"}],"about":[{"href":"https:\/\/www.myluxdream.com\/de\/wp-json\/wp\/v2\/types\/page"}],"author":[{"embeddable":true,"href":"https:\/\/www.myluxdream.com\/de\/wp-json\/wp\/v2\/users\/1"}],"replies":[{"embeddable":true,"href":"https:\/\/www.myluxdream.com\/de\/wp-json\/wp\/v2\/comments?post=8319"}],"version-history":[{"count":0,"href":"https:\/\/www.myluxdream.com\/de\/wp-json\/wp\/v2\/pages\/8319\/revisions"}],"wp:featuredmedia":[{"embeddable":true,"href":"https:\/\/www.myluxdream.com\/de\/wp-json\/wp\/v2\/media\/8560"}],"wp:attachment":[{"href":"https:\/\/www.myluxdream.com\/de\/wp-json\/wp\/v2\/media?parent=8319"}],"curies":[{"name":"wp","href":"https:\/\/api.w.org\/{rel}","templated":true}]}}